{"id":342,"date":"2023-10-17T12:09:15","date_gmt":"2023-10-17T12:09:15","guid":{"rendered":"https:\/\/thebrasserie.es\/?page_id=342"},"modified":"2026-05-13T10:56:16","modified_gmt":"2026-05-13T10:56:16","slug":"pescados","status":"publish","type":"page","link":"https:\/\/thebrasserie.es\/es\/pescados\/","title":{"rendered":"Pescados"},"content":{"rendered":"<section class=\"l-section wpb_row us_custom_de67d1db height_medium width_full\"><div class=\"l-section-h i-cf\"><div class=\"g-cols vc_row via_grid cols_1 laptops-cols_inherit tablets-cols_inherit mobiles-cols_1 valign_top type_default stacking_default\"><div class=\"wpb_column vc_column_container\"><div class=\"vc_column-inner\">[vc_custom_heading text=\u00bbMEN\u00da\u00bb font_container=\u00bbtag:div|text_align:left\u00bb use_theme_fonts=\u00bbyes\u00bb css=\u00bb%7B%22default%22%3A%7B%22text-align%22%3A%22center%22%2C%22font-size%22%3A%220.8rem%22%2C%22text-transform%22%3A%22uppercase%22%2C%22animation-name%22%3A%22fade%22%2C%22animation-delay%22%3A%220.5s%22%7D%7D\u00bb][vc_custom_heading text=\u00bbPescados\u00bb font_container=\u00bbtag:h2|text_align:center\u00bb use_theme_fonts=\u00bbyes\u00bb css=\u00bb%7B%22default%22%3A%7B%22color%22%3A%22%23333333%22%2C%22text-transform%22%3A%22uppercase%22%2C%22animation-name%22%3A%22fade%22%2C%22animation-delay%22%3A%220.5s%22%7D%7D\u00bb]<div class=\"w-image us_custom_f1a4f275 us_animate_this align_center\"><div class=\"w-image-h\"><img loading=\"lazy\" decoding=\"async\" width=\"116\" height=\"5\" src=\"https:\/\/thebrasserie.es\/wp-content\/uploads\/2022\/12\/separador.png\" class=\"attachment-full size-full\" alt=\"\" \/><\/div><\/div><\/div><\/div><\/div><\/div><\/section><section class=\"l-section wpb_row us_custom_f1a4f275 us_animate_this height_auto\"><div class=\"l-section-h i-cf\"><div class=\"g-cols vc_row via_grid cols_1 laptops-cols_inherit tablets-cols_inherit mobiles-cols_1 valign_top type_default stacking_default\"><div class=\"wpb_column vc_column_container\"><div class=\"vc_column-inner\"><div class=\"w-tabs style_default switch_click accordion has_scrolling\" style=\"--sections-title-size:inherit\"><div class=\"w-tabs-sections titles-align_none icon_chevron cpos_right\"><div class=\"w-tabs-section active\" id=\"baa9\"><button class=\"w-tabs-section-header active with_icon\" aria-controls=\"content-baa9\" aria-expanded=\"true\"><i class=\"fas fa-fish-cooked\"><\/i><div class=\"w-tabs-section-title\">PESCADOS<\/div><div class=\"w-tabs-section-control\"><\/div><\/button><div  class=\"w-tabs-section-content\" id=\"content-baa9\"><div class=\"w-tabs-section-content-h i-cf\"><div class=\"wpb_text_column\"><div class=\"wpb_wrapper\"><p>Nuestros pescados son frescos de la isla o importados. Todos nuestros pescados se sirven con su guarnici\u00f3n.<\/p>\n<\/div><\/div><div class=\"w-separator size_medium\"><\/div><div class=\"g-cols wpb_row via_grid cols_2 laptops-cols_inherit tablets-cols_inherit mobiles-cols_1 valign_top type_default stacking_default\"><div class=\"wpb_column vc_column_container\"><div class=\"vc_column-inner\"><div class=\"w-vwrapper align_none valign_top\"><div class=\"wpb_text_column\"><div class=\"wpb_wrapper\"><h4>79- Filete de pescado del d\u00eda<\/h4>\n<p>*con salsa Bilbaina<\/p>\n<p>*con salsa Meuniere<\/p>\n<p>*con salsa T\u00e1rtara<\/p>\n<\/div><\/div><div class=\"w-separator size_medium\"><\/div><\/div><\/div><\/div><div class=\"wpb_column vc_column_container\"><div class=\"vc_column-inner\"><div class=\"w-vwrapper align_none valign_top\"><div class=\"wpb_text_column\"><div class=\"wpb_wrapper\"><h4>80- Fish &amp; chips<\/h4>\n<p>Bacalao en tempura, servido con mayonesa o alioli.<\/p>\n<\/div><\/div><div class=\"w-separator size_medium\"><\/div><\/div><\/div><\/div><\/div><div class=\"g-cols wpb_row via_grid cols_2 laptops-cols_inherit tablets-cols_inherit mobiles-cols_1 valign_top type_default stacking_default\"><div class=\"wpb_column vc_column_container\"><div class=\"vc_column-inner\"><div class=\"w-vwrapper align_none valign_top\"><div class=\"wpb_text_column\"><div class=\"wpb_wrapper\"><h4>81- Calamares a la romana<\/h4>\n<p>Con papas arrugadas y nuestra salsa alioli para mojar.<\/p>\n<\/div><\/div><div class=\"w-separator size_medium\"><\/div><\/div><\/div><\/div><div class=\"wpb_column vc_column_container\"><div class=\"vc_column-inner\"><div class=\"w-vwrapper align_none valign_top\"><div class=\"wpb_text_column\"><div class=\"wpb_wrapper\"><h4>82- Langostinos salvajes a la plancha<\/h4>\n<p>Con papas arrugadas, ensalada y salsa rosa.<\/p>\n<\/div><\/div><div class=\"w-separator size_medium\"><\/div><\/div><\/div><\/div><\/div><\/div><\/div><\/div><\/div><\/div><\/div><\/div><\/div><\/div><\/section><section class=\"l-section wpb_row us_custom_f1a4f275 us_animate_this height_medium\"><div class=\"l-section-h i-cf\"><div class=\"g-cols vc_row via_grid cols_1 laptops-cols_inherit tablets-cols_inherit mobiles-cols_1 valign_top type_default stacking_default\"><div class=\"wpb_column vc_column_container\"><div class=\"vc_column-inner\"><div class=\"w-btn-wrapper align_none\"><a class=\"w-btn us-btn-style_1\" href=\"\/es\/menu\/\"><span class=\"w-btn-label\">Volver al men\u00fa<\/span><\/a><\/div><\/div><\/div><\/div><\/div><\/section>\n","protected":false},"excerpt":{"rendered":"[vc_custom_heading text=\"MEN\u00da\" font_container=\"tag:div|text_align:left\" use_theme_fonts=\"yes\" css=\"%7B%22default%22%3A%7B%22text-align%22%3A%22center%22%2C%22font-size%22%3A%220.8rem%22%2C%22text-transform%22%3A%22uppercase%22%2C%22animation-name%22%3A%22fade%22%2C%22animation-delay%22%3A%220.5s%22%7D%7D\"][vc_custom_heading text=\"Pescados\" font_container=\"tag:h2|text_align:center\" use_theme_fonts=\"yes\" css=\"%7B%22default%22%3A%7B%22color%22%3A%22%23333333%22%2C%22text-transform%22%3A%22uppercase%22%2C%22animation-name%22%3A%22fade%22%2C%22animation-delay%22%3A%220.5s%22%7D%7D\"]PESCADOSNuestros pescados son frescos de la isla o importados. Todos nuestros pescados se sirven con su guarnici\u00f3n. 79- Filete de pescado del d\u00eda *con salsa Bilbaina *con salsa Meuniere *con salsa T\u00e1rtara 80- Fish &amp; chips Bacalao en tempura, servido con mayonesa o alioli. 81- Calamares a...","protected":false},"author":1,"featured_media":0,"parent":0,"menu_order":0,"comment_status":"closed","ping_status":"closed","template":"","meta":{"footnotes":""},"class_list":["post-342","page","type-page","status-publish","hentry"],"yoast_head":"<!-- This site is optimized with the Yoast SEO Premium plugin v26.2 (Yoast SEO v26.2) - https:\/\/yoast.com\/wordpress\/plugins\/seo\/ -->\n<title>Pescados - The Brasserie<\/title>\n<meta name=\"robots\" content=\"index, follow, max-snippet:-1, max-image-preview:large, max-video-preview:-1\" \/>\n<link rel=\"canonical\" href=\"https:\/\/thebrasserie.es\/es\/pescados\/\" \/>\n<meta property=\"og:locale\" content=\"es_ES\" \/>\n<meta property=\"og:type\" content=\"article\" \/>\n<meta property=\"og:title\" content=\"Pescados\" \/>\n<meta property=\"og:url\" content=\"https:\/\/thebrasserie.es\/es\/pescados\/\" \/>\n<meta property=\"og:site_name\" content=\"The Brasserie\" \/>\n<meta property=\"article:modified_time\" content=\"2026-05-13T10:56:16+00:00\" \/>\n<meta name=\"twitter:card\" content=\"summary_large_image\" \/>\n<meta name=\"twitter:label1\" content=\"Tiempo de lectura\" \/>\n\t<meta name=\"twitter:data1\" content=\"1 minuto\" \/>\n<script type=\"application\/ld+json\" class=\"yoast-schema-graph\">{\"@context\":\"https:\/\/schema.org\",\"@graph\":[{\"@type\":\"WebPage\",\"@id\":\"https:\/\/thebrasserie.es\/es\/pescados\/\",\"url\":\"https:\/\/thebrasserie.es\/es\/pescados\/\",\"name\":\"Pescados - The Brasserie\",\"isPartOf\":{\"@id\":\"https:\/\/thebrasserie.es\/#website\"},\"datePublished\":\"2023-10-17T12:09:15+00:00\",\"dateModified\":\"2026-05-13T10:56:16+00:00\",\"breadcrumb\":{\"@id\":\"https:\/\/thebrasserie.es\/es\/pescados\/#breadcrumb\"},\"inLanguage\":\"es\",\"potentialAction\":[{\"@type\":\"ReadAction\",\"target\":[\"https:\/\/thebrasserie.es\/es\/pescados\/\"]}]},{\"@type\":\"BreadcrumbList\",\"@id\":\"https:\/\/thebrasserie.es\/es\/pescados\/#breadcrumb\",\"itemListElement\":[{\"@type\":\"ListItem\",\"position\":1,\"name\":\"Portada\",\"item\":\"https:\/\/thebrasserie.es\/es\/\"},{\"@type\":\"ListItem\",\"position\":2,\"name\":\"Pescados\"}]},{\"@type\":\"WebSite\",\"@id\":\"https:\/\/thebrasserie.es\/#website\",\"url\":\"https:\/\/thebrasserie.es\/\",\"name\":\"The Brasserie\",\"description\":\"\",\"publisher\":{\"@id\":\"https:\/\/thebrasserie.es\/#organization\"},\"potentialAction\":[{\"@type\":\"SearchAction\",\"target\":{\"@type\":\"EntryPoint\",\"urlTemplate\":\"https:\/\/thebrasserie.es\/?s={search_term_string}\"},\"query-input\":{\"@type\":\"PropertyValueSpecification\",\"valueRequired\":true,\"valueName\":\"search_term_string\"}}],\"inLanguage\":\"es\"},{\"@type\":[\"Organization\",\"Place\",\"Restaurant\"],\"@id\":\"https:\/\/thebrasserie.es\/#organization\",\"name\":\"The Brasserie\",\"url\":\"https:\/\/thebrasserie.es\/\",\"logo\":{\"@id\":\"https:\/\/thebrasserie.es\/es\/pescados\/#local-main-organization-logo\"},\"image\":{\"@id\":\"https:\/\/thebrasserie.es\/es\/pescados\/#local-main-organization-logo\"},\"address\":{\"@id\":\"https:\/\/thebrasserie.es\/es\/pescados\/#local-main-place-address\"},\"geo\":{\"@type\":\"GeoCoordinates\",\"latitude\":\"28.071710883068363\",\"longitude\":\"-16.73090973752297\"},\"telephone\":[],\"contactPoint\":{\"@type\":\"ContactPoint\",\"telephone\":\"922 78 83 50\",\"email\":\"info@thebrasserie.es\"},\"openingHoursSpecification\":[{\"@type\":\"OpeningHoursSpecification\",\"dayOfWeek\":[\"Monday\",\"Tuesday\",\"Wednesday\",\"Thursday\",\"Friday\",\"Saturday\",\"Sunday\"],\"opens\":\"13:00\",\"closes\":\"23:00\"}],\"priceRange\":\"$$\",\"currenciesAccepted\":\"Euro\"},{\"@type\":\"PostalAddress\",\"@id\":\"https:\/\/thebrasserie.es\/es\/pescados\/#local-main-place-address\",\"streetAddress\":\"Av. Rafael Puig Lluvina, 16, 38660 Costa Adeje, Santa Cruz de Tenerife\",\"addressLocality\":\"Costa Adeje\",\"postalCode\":\"38660\",\"addressCountry\":\"ES\"},{\"@type\":\"ImageObject\",\"inLanguage\":\"es\",\"@id\":\"https:\/\/thebrasserie.es\/es\/pescados\/#local-main-organization-logo\",\"url\":\"https:\/\/thebrasserie.es\/wp-content\/uploads\/2023\/05\/brasserie-2.png\",\"contentUrl\":\"https:\/\/thebrasserie.es\/wp-content\/uploads\/2023\/05\/brasserie-2.png\",\"width\":350,\"height\":350,\"caption\":\"The Brasserie\"}]}<\/script>\n<meta name=\"geo.placename\" content=\"Costa Adeje\" \/>\n<meta name=\"geo.position\" content=\"28.071710883068363;-16.73090973752297\" \/>\n<meta name=\"geo.region\" content=\"Espa\u00f1a\" \/>\n<!-- \/ Yoast SEO Premium plugin. -->","yoast_head_json":{"title":"Pescados - The Brasserie","robots":{"index":"index","follow":"follow","max-snippet":"max-snippet:-1","max-image-preview":"max-image-preview:large","max-video-preview":"max-video-preview:-1"},"canonical":"https:\/\/thebrasserie.es\/es\/pescados\/","og_locale":"es_ES","og_type":"article","og_title":"Pescados","og_url":"https:\/\/thebrasserie.es\/es\/pescados\/","og_site_name":"The Brasserie","article_modified_time":"2026-05-13T10:56:16+00:00","twitter_card":"summary_large_image","twitter_misc":{"Tiempo de lectura":"1 minuto"},"schema":{"@context":"https:\/\/schema.org","@graph":[{"@type":"WebPage","@id":"https:\/\/thebrasserie.es\/es\/pescados\/","url":"https:\/\/thebrasserie.es\/es\/pescados\/","name":"Pescados - The Brasserie","isPartOf":{"@id":"https:\/\/thebrasserie.es\/#website"},"datePublished":"2023-10-17T12:09:15+00:00","dateModified":"2026-05-13T10:56:16+00:00","breadcrumb":{"@id":"https:\/\/thebrasserie.es\/es\/pescados\/#breadcrumb"},"inLanguage":"es","potentialAction":[{"@type":"ReadAction","target":["https:\/\/thebrasserie.es\/es\/pescados\/"]}]},{"@type":"BreadcrumbList","@id":"https:\/\/thebrasserie.es\/es\/pescados\/#breadcrumb","itemListElement":[{"@type":"ListItem","position":1,"name":"Portada","item":"https:\/\/thebrasserie.es\/es\/"},{"@type":"ListItem","position":2,"name":"Pescados"}]},{"@type":"WebSite","@id":"https:\/\/thebrasserie.es\/#website","url":"https:\/\/thebrasserie.es\/","name":"The Brasserie","description":"","publisher":{"@id":"https:\/\/thebrasserie.es\/#organization"},"potentialAction":[{"@type":"SearchAction","target":{"@type":"EntryPoint","urlTemplate":"https:\/\/thebrasserie.es\/?s={search_term_string}"},"query-input":{"@type":"PropertyValueSpecification","valueRequired":true,"valueName":"search_term_string"}}],"inLanguage":"es"},{"@type":["Organization","Place","Restaurant"],"@id":"https:\/\/thebrasserie.es\/#organization","name":"The Brasserie","url":"https:\/\/thebrasserie.es\/","logo":{"@id":"https:\/\/thebrasserie.es\/es\/pescados\/#local-main-organization-logo"},"image":{"@id":"https:\/\/thebrasserie.es\/es\/pescados\/#local-main-organization-logo"},"address":{"@id":"https:\/\/thebrasserie.es\/es\/pescados\/#local-main-place-address"},"geo":{"@type":"GeoCoordinates","latitude":"28.071710883068363","longitude":"-16.73090973752297"},"telephone":[],"contactPoint":{"@type":"ContactPoint","telephone":"922 78 83 50","email":"info@thebrasserie.es"},"openingHoursSpecification":[{"@type":"OpeningHoursSpecification","dayOfWeek":["Monday","Tuesday","Wednesday","Thursday","Friday","Saturday","Sunday"],"opens":"13:00","closes":"23:00"}],"priceRange":"$$","currenciesAccepted":"Euro"},{"@type":"PostalAddress","@id":"https:\/\/thebrasserie.es\/es\/pescados\/#local-main-place-address","streetAddress":"Av. Rafael Puig Lluvina, 16, 38660 Costa Adeje, Santa Cruz de Tenerife","addressLocality":"Costa Adeje","postalCode":"38660","addressCountry":"ES"},{"@type":"ImageObject","inLanguage":"es","@id":"https:\/\/thebrasserie.es\/es\/pescados\/#local-main-organization-logo","url":"https:\/\/thebrasserie.es\/wp-content\/uploads\/2023\/05\/brasserie-2.png","contentUrl":"https:\/\/thebrasserie.es\/wp-content\/uploads\/2023\/05\/brasserie-2.png","width":350,"height":350,"caption":"The Brasserie"}]},"geo.placename":"Costa Adeje","geo.position":{"lat":"28.071710883068363","long":"-16.73090973752297"},"geo.region":"Espa\u00f1a"},"_links":{"self":[{"href":"https:\/\/thebrasserie.es\/es\/wp-json\/wp\/v2\/pages\/342","targetHints":{"allow":["GET"]}}],"collection":[{"href":"https:\/\/thebrasserie.es\/es\/wp-json\/wp\/v2\/pages"}],"about":[{"href":"https:\/\/thebrasserie.es\/es\/wp-json\/wp\/v2\/types\/page"}],"author":[{"embeddable":true,"href":"https:\/\/thebrasserie.es\/es\/wp-json\/wp\/v2\/users\/1"}],"replies":[{"embeddable":true,"href":"https:\/\/thebrasserie.es\/es\/wp-json\/wp\/v2\/comments?post=342"}],"version-history":[{"count":9,"href":"https:\/\/thebrasserie.es\/es\/wp-json\/wp\/v2\/pages\/342\/revisions"}],"predecessor-version":[{"id":573,"href":"https:\/\/thebrasserie.es\/es\/wp-json\/wp\/v2\/pages\/342\/revisions\/573"}],"wp:attachment":[{"href":"https:\/\/thebrasserie.es\/es\/wp-json\/wp\/v2\/media?parent=342"}],"curies":[{"name":"wp","href":"https:\/\/api.w.org\/{rel}","templated":true}]}}